{"id":13929,"date":"2025-08-29T08:45:23","date_gmt":"2025-08-29T08:45:23","guid":{"rendered":"https:\/\/fleetwaro.ai\/impressum-usa\/"},"modified":"2026-02-11T10:01:50","modified_gmt":"2026-02-11T10:01:50","slug":"impressum-usa","status":"publish","type":"page","link":"https:\/\/fleetwaro.ai\/de\/impressum-usa\/","title":{"rendered":"Impressum (USA)"},"content":{"rendered":"\t\t<div data-elementor-type=\"wp-page\" data-elementor-id=\"13929\" class=\"elementor elementor-13929 elementor-13820\">\n\t\t\t\t<div class=\"elementor-element elementor-element-59d90c2 e-flex e-con-boxed e-con e-parent\" data-id=\"59d90c2\" data-element_type=\"container\" data-e-type=\"container\" data-settings=\"{&quot;background_background&quot;:&quot;classic&quot;}\">\n\t\t\t\t\t<div class=\"e-con-inner\">\n\t\t<div class=\"elementor-element elementor-element-9309504 e-con-full e-flex e-con e-child\" data-id=\"9309504\" data-element_type=\"container\" data-e-type=\"container\">\n\t\t\t\t<div class=\"elementor-element elementor-element-e3dd345 elementor-widget elementor-widget-restly_title\" data-id=\"e3dd345\" data-element_type=\"widget\" data-e-type=\"widget\" data-widget_type=\"restly_title.default\">\n\t\t\t\t<div class=\"elementor-widget-container\">\n\t\t\t\t\t        <div class=\"restly-section-title-wrapper\">\r\n            <div class=\"restly-section-title\">\r\n                                \r\n                <h1 class=\"restly-section-title\">Impressum USA<\/h1> \r\n            <\/div>\r\n        <\/div>\r\n        \t\t\t\t<\/div>\n\t\t\t\t<\/div>\n\t\t\t\t<\/div>\n\t\t\t\t\t<\/div>\n\t\t\t\t<\/div>\n\t\t<div class=\"elementor-element elementor-element-406ee01 e-flex e-con-boxed e-con e-parent\" data-id=\"406ee01\" data-element_type=\"container\" data-e-type=\"container\">\n\t\t\t\t\t<div class=\"e-con-inner\">\n\t\t\t\t<div class=\"elementor-element elementor-element-efd95c0 elementor-widget elementor-widget-restly_title\" data-id=\"efd95c0\" data-element_type=\"widget\" data-e-type=\"widget\" data-widget_type=\"restly_title.default\">\n\t\t\t\t<div class=\"elementor-widget-container\">\n\t\t\t\t\t        <div class=\"restly-section-title-wrapper\">\r\n            <div class=\"restly-section-title\">\r\n                                \r\n                <h2 class=\"restly-section-title\">Rechnungsanschrift (Niederlassung):<\/h2> \r\n            <\/div>\r\n        <\/div>\r\n        \t\t\t\t<\/div>\n\t\t\t\t<\/div>\n\t\t\t\t<div class=\"elementor-element elementor-element-752a39e elementor-widget elementor-widget-restly_title\" data-id=\"752a39e\" data-element_type=\"widget\" data-e-type=\"widget\" data-widget_type=\"restly_title.default\">\n\t\t\t\t<div class=\"elementor-widget-container\">\n\t\t\t\t\t        <div class=\"restly-section-title-wrapper\">\r\n            <div class=\"restly-section-title\">\r\n                                \r\n                <h3 class=\"restly-section-title\">Kontaktinformation<\/h3> \r\n            <\/div>\r\n        <\/div>\r\n        \t\t\t\t<\/div>\n\t\t\t\t<\/div>\n\t\t\t\t<div class=\"elementor-element elementor-element-4f78c7c elementor-widget elementor-widget-text-editor\" data-id=\"4f78c7c\" data-element_type=\"widget\" data-e-type=\"widget\" data-widget_type=\"text-editor.default\">\n\t\t\t\t\t\t\t\t\t<p>Softwaro, Inc.<br \/>1349 W Peachtree St NW<br data-start=\"283\" data-end=\"286\" \/>Suite 1910, PMB 571<br data-start=\"309\" data-end=\"312\" \/>Atlanta, GA 30309<br data-start=\"333\" data-end=\"336\" \/>USA<br \/><br \/>Eingetragen im Bundesstaat Delaware, USA<\/p>\t\t\t\t\t\t\t\t<\/div>\n\t\t\t\t<div class=\"elementor-element elementor-element-78acb9e elementor-widget elementor-widget-text-editor\" data-id=\"78acb9e\" data-element_type=\"widget\" data-e-type=\"widget\" data-widget_type=\"text-editor.default\">\n\t\t\t\t\t\t\t\t\t<p>Telefon: +43 7672 31788\u00a0<br \/>Mail:\u00a0<a href=\"mailto:info@fleetwaro.ai\">info@fleetwaro.ai<\/a>\u00a0<\/p>\t\t\t\t\t\t\t\t<\/div>\n\t\t\t\t<div class=\"elementor-element elementor-element-4177612 elementor-widget elementor-widget-restly_title\" data-id=\"4177612\" data-element_type=\"widget\" data-e-type=\"widget\" data-widget_type=\"restly_title.default\">\n\t\t\t\t<div class=\"elementor-widget-container\">\n\t\t\t\t\t        <div class=\"restly-section-title-wrapper\">\r\n            <div class=\"restly-section-title\">\r\n                                \r\n                <h3 class=\"restly-section-title\">Verantwortlich:<\/h3> \r\n            <\/div>\r\n        <\/div>\r\n        \t\t\t\t<\/div>\n\t\t\t\t<\/div>\n\t\t\t\t<div class=\"elementor-element elementor-element-574c1a1 elementor-widget elementor-widget-text-editor\" data-id=\"574c1a1\" data-element_type=\"widget\" data-e-type=\"widget\" data-widget_type=\"text-editor.default\">\n\t\t\t\t\t\t\t\t\t<p>Gesellschaft<br \/>Gesellschafter: DI FH Markus H\u00e4usler (100 %);<br \/>Gesch\u00e4ftsf\u00fchrer: DI (FH) Markus H\u00e4usler<\/p>\t\t\t\t\t\t\t\t<\/div>\n\t\t\t\t<div class=\"elementor-element elementor-element-0fc1d60 elementor-widget elementor-widget-restly_title\" data-id=\"0fc1d60\" data-element_type=\"widget\" data-e-type=\"widget\" data-widget_type=\"restly_title.default\">\n\t\t\t\t<div class=\"elementor-widget-container\">\n\t\t\t\t\t        <div class=\"restly-section-title-wrapper\">\r\n            <div class=\"restly-section-title\">\r\n                                \r\n                <h3 class=\"restly-section-title\">Registereintrag:<\/h3> \r\n            <\/div>\r\n        <\/div>\r\n        \t\t\t\t<\/div>\n\t\t\t\t<\/div>\n\t\t\t\t<div class=\"elementor-element elementor-element-867e2de elementor-widget elementor-widget-text-editor\" data-id=\"867e2de\" data-element_type=\"widget\" data-e-type=\"widget\" data-widget_type=\"text-editor.default\">\n\t\t\t\t\t\t\t\t\t<p><span data-teams=\"true\">Aktenzeichen: 10147619<br>Gr\u00fcndungsdatum: 23.06.2025<br>Name der Organisation: SOFTWARO INC<br>Art der Organisation: K\u00f6rperschaft<br>Typ der Organisation: Allgemein<br>Bundesstaat: DELAWARE<br>Direktor: Markus H\u00e4usler<br>FinCEN-ID: 3000-0077-8729<br>EIN-Nummer: 35-2917202<br>EIN-Datum der Zuweisung: 29.08.2025<\/span><\/p>\t\t\t\t\t\t\t\t<\/div>\n\t\t\t\t<div class=\"elementor-element elementor-element-74aed5f elementor-widget elementor-widget-restly_title\" data-id=\"74aed5f\" data-element_type=\"widget\" data-e-type=\"widget\" data-widget_type=\"restly_title.default\">\n\t\t\t\t<div class=\"elementor-widget-container\">\n\t\t\t\t\t        <div class=\"restly-section-title-wrapper\">\r\n            <div class=\"restly-section-title\">\r\n                                \r\n                <h3 class=\"restly-section-title\">Konto-Informationen:<\/h3> \r\n            <\/div>\r\n        <\/div>\r\n        \t\t\t\t<\/div>\n\t\t\t\t<\/div>\n\t\t\t\t<div class=\"elementor-element elementor-element-19fe53d elementor-widget elementor-widget-text-editor\" data-id=\"19fe53d\" data-element_type=\"widget\" data-e-type=\"widget\" data-widget_type=\"text-editor.default\">\n\t\t\t\t\t\t\t\t\tIBAN (Internationale Kontonummer): AT023460800000060921<br>BIC (Bank Identifier Code): RZOOAT2L608 (rzooat2l608)\t\t\t\t\t\t\t\t<\/div>\n\t\t\t\t\t<\/div>\n\t\t\t\t<\/div>\n\t\t\t\t<\/div>\n\t\t","protected":false},"excerpt":{"rendered":"<p>Impressum USA Rechnungsanschrift (Niederlassung): Kontaktinformation Softwaro, Inc.1349 W Peachtree St NWSuite 1910, PMB 571Atlanta, GA 30309USA Eingetragen im Bundesstaat Delaware, USA Telefon: +43 7672 31788\u00a0Mail:\u00a0info@fleetwaro.ai\u00a0 Verantwortlich: GesellschaftGesellschafter: DI FH Markus H\u00e4usler (100 %);Gesch\u00e4ftsf\u00fchrer: DI (FH) Markus H\u00e4usler Registereintrag: Aktenzeichen: 10147619Gr\u00fcndungsdatum: 23.06.2025Name der Organisation: SOFTWARO INCArt der Organisation: K\u00f6rperschaftTyp der Organisation: AllgemeinBundesstaat: DELAWAREDirektor: Markus H\u00e4uslerFinCEN-ID: 3000-0077-8729EIN-Nummer: [&hellip;]<\/p>\n","protected":false},"author":2,"featured_media":0,"parent":0,"menu_order":0,"comment_status":"closed","ping_status":"closed","template":"blank-template.php","meta":{"footnotes":""},"class_list":["post-13929","page","type-page","status-publish","hentry"],"yoast_head":"<!-- This site is optimized with the Yoast SEO Premium plugin v27.4 (Yoast SEO v27.5) - https:\/\/yoast.com\/product\/yoast-seo-premium-wordpress\/ -->\n<title>Impressum USA | Rechtliche Informationen \u00fcber fleetwaro<\/title>\n<meta name=\"description\" content=\"Diese Seite enth\u00e4lt rechtliche Informationen \u00fcber Fleetwaro f\u00fcr Nutzer und Partner in den Vereinigten Staaten, einschlie\u00dflich Firmendaten, Adresse und Kontaktinformationen.\" \/>\n<meta name=\"robots\" content=\"index, follow, max-snippet:-1, max-image-preview:large, max-video-preview:-1\" \/>\n<link rel=\"canonical\" href=\"https:\/\/fleetwaro.ai\/de\/impressum-usa\/\" \/>\n<meta property=\"og:locale\" content=\"de_DE\" \/>\n<meta property=\"og:type\" content=\"article\" \/>\n<meta property=\"og:title\" content=\"Impressum (USA)\" \/>\n<meta property=\"og:description\" content=\"Diese Seite enth\u00e4lt rechtliche Informationen \u00fcber Fleetwaro f\u00fcr Nutzer und Partner in den Vereinigten Staaten, einschlie\u00dflich Firmendaten, Adresse und Kontaktinformationen.\" \/>\n<meta property=\"og:url\" content=\"https:\/\/fleetwaro.ai\/de\/impressum-usa\/\" \/>\n<meta property=\"og:site_name\" content=\"FleetWaro\" \/>\n<meta property=\"article:modified_time\" content=\"2026-02-11T10:01:50+00:00\" \/>\n<meta property=\"og:image\" content=\"https:\/\/fleetwaro.ai\/wp-content\/uploads\/2026\/01\/fleet-management-software-chaos-to-dashboard.webp\" \/>\n\t<meta property=\"og:image:width\" content=\"1536\" \/>\n\t<meta property=\"og:image:height\" content=\"1024\" \/>\n\t<meta property=\"og:image:type\" content=\"image\/webp\" \/>\n<meta name=\"twitter:card\" content=\"summary_large_image\" \/>\n<meta name=\"twitter:site\" content=\"@fleetwaro\" \/>\n<meta name=\"twitter:label1\" content=\"Gesch\u00e4tzte Lesezeit\" \/>\n\t<meta name=\"twitter:data1\" content=\"1\u00a0Minute\" \/>\n<script type=\"application\/ld+json\" class=\"yoast-schema-graph\">{\"@context\":\"https:\\\/\\\/schema.org\",\"@graph\":[{\"@type\":[\"Article\",\"BlogPosting\"],\"@id\":\"https:\\\/\\\/fleetwaro.ai\\\/de\\\/impressum-usa\\\/#article\",\"isPartOf\":{\"@id\":\"https:\\\/\\\/fleetwaro.ai\\\/de\\\/impressum-usa\\\/\"},\"author\":{\"name\":\"Michael Bartos\",\"@id\":\"https:\\\/\\\/fleetwaro.ai\\\/de\\\/#\\\/schema\\\/person\\\/926c934b1272d70a78ff992f9feed5e6\"},\"headline\":\"Impressum (USA)\",\"datePublished\":\"2025-08-29T08:45:23+00:00\",\"dateModified\":\"2026-02-11T10:01:50+00:00\",\"mainEntityOfPage\":{\"@id\":\"https:\\\/\\\/fleetwaro.ai\\\/de\\\/impressum-usa\\\/\"},\"wordCount\":82,\"publisher\":{\"@id\":\"https:\\\/\\\/fleetwaro.ai\\\/de\\\/#organization\"},\"inLanguage\":\"de\"},{\"@type\":\"WebPage\",\"@id\":\"https:\\\/\\\/fleetwaro.ai\\\/de\\\/impressum-usa\\\/\",\"url\":\"https:\\\/\\\/fleetwaro.ai\\\/de\\\/impressum-usa\\\/\",\"name\":\"Impressum USA | Rechtliche Informationen \u00fcber fleetwaro\",\"isPartOf\":{\"@id\":\"https:\\\/\\\/fleetwaro.ai\\\/de\\\/#website\"},\"datePublished\":\"2025-08-29T08:45:23+00:00\",\"dateModified\":\"2026-02-11T10:01:50+00:00\",\"description\":\"Diese Seite enth\u00e4lt rechtliche Informationen \u00fcber Fleetwaro f\u00fcr Nutzer und Partner in den Vereinigten Staaten, einschlie\u00dflich Firmendaten, Adresse und Kontaktinformationen.\",\"breadcrumb\":{\"@id\":\"https:\\\/\\\/fleetwaro.ai\\\/de\\\/impressum-usa\\\/#breadcrumb\"},\"inLanguage\":\"de\",\"potentialAction\":[{\"@type\":\"ReadAction\",\"target\":[\"https:\\\/\\\/fleetwaro.ai\\\/de\\\/impressum-usa\\\/\"]}]},{\"@type\":\"BreadcrumbList\",\"@id\":\"https:\\\/\\\/fleetwaro.ai\\\/de\\\/impressum-usa\\\/#breadcrumb\",\"itemListElement\":[{\"@type\":\"ListItem\",\"position\":1,\"name\":\"Home\",\"item\":\"https:\\\/\\\/fleetwaro.ai\\\/de\\\/\"},{\"@type\":\"ListItem\",\"position\":2,\"name\":\"Impressum (USA)\"}]},{\"@type\":\"WebSite\",\"@id\":\"https:\\\/\\\/fleetwaro.ai\\\/de\\\/#website\",\"url\":\"https:\\\/\\\/fleetwaro.ai\\\/de\\\/\",\"name\":\"Fleetwaro\",\"description\":\"Digital Fleet Management with AI-Power\",\"publisher\":{\"@id\":\"https:\\\/\\\/fleetwaro.ai\\\/de\\\/#organization\"},\"potentialAction\":[{\"@type\":\"SearchAction\",\"target\":{\"@type\":\"EntryPoint\",\"urlTemplate\":\"https:\\\/\\\/fleetwaro.ai\\\/de\\\/?s={search_term_string}\"},\"query-input\":{\"@type\":\"PropertyValueSpecification\",\"valueRequired\":true,\"valueName\":\"search_term_string\"}}],\"inLanguage\":\"de\"},{\"@type\":\"Organization\",\"@id\":\"https:\\\/\\\/fleetwaro.ai\\\/de\\\/#organization\",\"name\":\"FleetWaro\",\"url\":\"https:\\\/\\\/fleetwaro.ai\\\/de\\\/\",\"logo\":{\"@type\":\"ImageObject\",\"inLanguage\":\"de\",\"@id\":\"https:\\\/\\\/fleetwaro.ai\\\/de\\\/#\\\/schema\\\/logo\\\/image\\\/\",\"url\":\"https:\\\/\\\/fleetwaro.ai\\\/wp-content\\\/uploads\\\/2025\\\/08\\\/cropped-cropped-favicon-1.png\",\"contentUrl\":\"https:\\\/\\\/fleetwaro.ai\\\/wp-content\\\/uploads\\\/2025\\\/08\\\/cropped-cropped-favicon-1.png\",\"width\":512,\"height\":512,\"caption\":\"FleetWaro\"},\"image\":{\"@id\":\"https:\\\/\\\/fleetwaro.ai\\\/de\\\/#\\\/schema\\\/logo\\\/image\\\/\"},\"sameAs\":[\"https:\\\/\\\/x.com\\\/fleetwaro\",\"https:\\\/\\\/www.linkedin.com\\\/showcase\\\/fleetwaro\\\/about\\\/\",\"https:\\\/\\\/www.instagram.com\\\/fleetwaro\\\/\"],\"description\":\"With Softwaro GmbH, the provider of fleetwaro.ai, you gain a reliable partner for your fleet with over 20 years of experience, more than 700 fleet customers, and proven, tried-and-tested solutions. Since our founding in 2004, we have developed into a leading provider of software for telematics and fleet management. Our mission is to support companies, cities, and municipalities in the efficient digitization and management of their fleets, vehicles, machines, mobile equipment, and small devices.\",\"email\":\"info@fleetwaro.ai\",\"telephone\":\"+43 7672 31788\",\"legalName\":\"Softwaro GmbH\",\"foundingDate\":\"2004-03-01\",\"vatID\":\"ATU61277433\",\"numberOfEmployees\":{\"@type\":\"QuantitativeValue\",\"minValue\":\"11\",\"maxValue\":\"50\"}},{\"@type\":\"Person\",\"@id\":\"https:\\\/\\\/fleetwaro.ai\\\/de\\\/#\\\/schema\\\/person\\\/926c934b1272d70a78ff992f9feed5e6\",\"name\":\"Michael Bartos\",\"image\":{\"@type\":\"ImageObject\",\"inLanguage\":\"de\",\"@id\":\"https:\\\/\\\/secure.gravatar.com\\\/avatar\\\/67ff2482751c3c0a11a82cc15d32fdea31dae1975d99e27a373afcb80da5544c?s=96&d=mm&r=g\",\"url\":\"https:\\\/\\\/secure.gravatar.com\\\/avatar\\\/67ff2482751c3c0a11a82cc15d32fdea31dae1975d99e27a373afcb80da5544c?s=96&d=mm&r=g\",\"contentUrl\":\"https:\\\/\\\/secure.gravatar.com\\\/avatar\\\/67ff2482751c3c0a11a82cc15d32fdea31dae1975d99e27a373afcb80da5544c?s=96&d=mm&r=g\",\"caption\":\"Michael Bartos\"}}]}<\/script>\n<!-- \/ Yoast SEO Premium plugin. -->","yoast_head_json":{"title":"Impressum USA | Rechtliche Informationen \u00fcber fleetwaro","description":"Diese Seite enth\u00e4lt rechtliche Informationen \u00fcber Fleetwaro f\u00fcr Nutzer und Partner in den Vereinigten Staaten, einschlie\u00dflich Firmendaten, Adresse und Kontaktinformationen.","robots":{"index":"index","follow":"follow","max-snippet":"max-snippet:-1","max-image-preview":"max-image-preview:large","max-video-preview":"max-video-preview:-1"},"canonical":"https:\/\/fleetwaro.ai\/de\/impressum-usa\/","og_locale":"de_DE","og_type":"article","og_title":"Impressum (USA)","og_description":"Diese Seite enth\u00e4lt rechtliche Informationen \u00fcber Fleetwaro f\u00fcr Nutzer und Partner in den Vereinigten Staaten, einschlie\u00dflich Firmendaten, Adresse und Kontaktinformationen.","og_url":"https:\/\/fleetwaro.ai\/de\/impressum-usa\/","og_site_name":"FleetWaro","article_modified_time":"2026-02-11T10:01:50+00:00","og_image":[{"width":1536,"height":1024,"url":"https:\/\/fleetwaro.ai\/wp-content\/uploads\/2026\/01\/fleet-management-software-chaos-to-dashboard.webp","type":"image\/webp"}],"twitter_card":"summary_large_image","twitter_site":"@fleetwaro","twitter_misc":{"Gesch\u00e4tzte Lesezeit":"1\u00a0Minute"},"schema":{"@context":"https:\/\/schema.org","@graph":[{"@type":["Article","BlogPosting"],"@id":"https:\/\/fleetwaro.ai\/de\/impressum-usa\/#article","isPartOf":{"@id":"https:\/\/fleetwaro.ai\/de\/impressum-usa\/"},"author":{"name":"Michael Bartos","@id":"https:\/\/fleetwaro.ai\/de\/#\/schema\/person\/926c934b1272d70a78ff992f9feed5e6"},"headline":"Impressum (USA)","datePublished":"2025-08-29T08:45:23+00:00","dateModified":"2026-02-11T10:01:50+00:00","mainEntityOfPage":{"@id":"https:\/\/fleetwaro.ai\/de\/impressum-usa\/"},"wordCount":82,"publisher":{"@id":"https:\/\/fleetwaro.ai\/de\/#organization"},"inLanguage":"de"},{"@type":"WebPage","@id":"https:\/\/fleetwaro.ai\/de\/impressum-usa\/","url":"https:\/\/fleetwaro.ai\/de\/impressum-usa\/","name":"Impressum USA | Rechtliche Informationen \u00fcber fleetwaro","isPartOf":{"@id":"https:\/\/fleetwaro.ai\/de\/#website"},"datePublished":"2025-08-29T08:45:23+00:00","dateModified":"2026-02-11T10:01:50+00:00","description":"Diese Seite enth\u00e4lt rechtliche Informationen \u00fcber Fleetwaro f\u00fcr Nutzer und Partner in den Vereinigten Staaten, einschlie\u00dflich Firmendaten, Adresse und Kontaktinformationen.","breadcrumb":{"@id":"https:\/\/fleetwaro.ai\/de\/impressum-usa\/#breadcrumb"},"inLanguage":"de","potentialAction":[{"@type":"ReadAction","target":["https:\/\/fleetwaro.ai\/de\/impressum-usa\/"]}]},{"@type":"BreadcrumbList","@id":"https:\/\/fleetwaro.ai\/de\/impressum-usa\/#breadcrumb","itemListElement":[{"@type":"ListItem","position":1,"name":"Home","item":"https:\/\/fleetwaro.ai\/de\/"},{"@type":"ListItem","position":2,"name":"Impressum (USA)"}]},{"@type":"WebSite","@id":"https:\/\/fleetwaro.ai\/de\/#website","url":"https:\/\/fleetwaro.ai\/de\/","name":"Fleetwaro","description":"Digital Fleet Management with AI-Power","publisher":{"@id":"https:\/\/fleetwaro.ai\/de\/#organization"},"potentialAction":[{"@type":"SearchAction","target":{"@type":"EntryPoint","urlTemplate":"https:\/\/fleetwaro.ai\/de\/?s={search_term_string}"},"query-input":{"@type":"PropertyValueSpecification","valueRequired":true,"valueName":"search_term_string"}}],"inLanguage":"de"},{"@type":"Organization","@id":"https:\/\/fleetwaro.ai\/de\/#organization","name":"FleetWaro","url":"https:\/\/fleetwaro.ai\/de\/","logo":{"@type":"ImageObject","inLanguage":"de","@id":"https:\/\/fleetwaro.ai\/de\/#\/schema\/logo\/image\/","url":"https:\/\/fleetwaro.ai\/wp-content\/uploads\/2025\/08\/cropped-cropped-favicon-1.png","contentUrl":"https:\/\/fleetwaro.ai\/wp-content\/uploads\/2025\/08\/cropped-cropped-favicon-1.png","width":512,"height":512,"caption":"FleetWaro"},"image":{"@id":"https:\/\/fleetwaro.ai\/de\/#\/schema\/logo\/image\/"},"sameAs":["https:\/\/x.com\/fleetwaro","https:\/\/www.linkedin.com\/showcase\/fleetwaro\/about\/","https:\/\/www.instagram.com\/fleetwaro\/"],"description":"With Softwaro GmbH, the provider of fleetwaro.ai, you gain a reliable partner for your fleet with over 20 years of experience, more than 700 fleet customers, and proven, tried-and-tested solutions. Since our founding in 2004, we have developed into a leading provider of software for telematics and fleet management. Our mission is to support companies, cities, and municipalities in the efficient digitization and management of their fleets, vehicles, machines, mobile equipment, and small devices.","email":"info@fleetwaro.ai","telephone":"+43 7672 31788","legalName":"Softwaro GmbH","foundingDate":"2004-03-01","vatID":"ATU61277433","numberOfEmployees":{"@type":"QuantitativeValue","minValue":"11","maxValue":"50"}},{"@type":"Person","@id":"https:\/\/fleetwaro.ai\/de\/#\/schema\/person\/926c934b1272d70a78ff992f9feed5e6","name":"Michael Bartos","image":{"@type":"ImageObject","inLanguage":"de","@id":"https:\/\/secure.gravatar.com\/avatar\/67ff2482751c3c0a11a82cc15d32fdea31dae1975d99e27a373afcb80da5544c?s=96&d=mm&r=g","url":"https:\/\/secure.gravatar.com\/avatar\/67ff2482751c3c0a11a82cc15d32fdea31dae1975d99e27a373afcb80da5544c?s=96&d=mm&r=g","contentUrl":"https:\/\/secure.gravatar.com\/avatar\/67ff2482751c3c0a11a82cc15d32fdea31dae1975d99e27a373afcb80da5544c?s=96&d=mm&r=g","caption":"Michael Bartos"}}]}},"_links":{"self":[{"href":"https:\/\/fleetwaro.ai\/de\/wp-json\/wp\/v2\/pages\/13929","targetHints":{"allow":["GET"]}}],"collection":[{"href":"https:\/\/fleetwaro.ai\/de\/wp-json\/wp\/v2\/pages"}],"about":[{"href":"https:\/\/fleetwaro.ai\/de\/wp-json\/wp\/v2\/types\/page"}],"author":[{"embeddable":true,"href":"https:\/\/fleetwaro.ai\/de\/wp-json\/wp\/v2\/users\/2"}],"replies":[{"embeddable":true,"href":"https:\/\/fleetwaro.ai\/de\/wp-json\/wp\/v2\/comments?post=13929"}],"version-history":[{"count":27,"href":"https:\/\/fleetwaro.ai\/de\/wp-json\/wp\/v2\/pages\/13929\/revisions"}],"predecessor-version":[{"id":16307,"href":"https:\/\/fleetwaro.ai\/de\/wp-json\/wp\/v2\/pages\/13929\/revisions\/16307"}],"wp:attachment":[{"href":"https:\/\/fleetwaro.ai\/de\/wp-json\/wp\/v2\/media?parent=13929"}],"curies":[{"name":"wp","href":"https:\/\/api.w.org\/{rel}","templated":true}]}}