{"id":13941,"date":"2025-08-29T08:33:52","date_gmt":"2025-08-29T08:33:52","guid":{"rendered":"https:\/\/fleetwaro.ai\/impressum-eu\/"},"modified":"2026-01-07T15:10:25","modified_gmt":"2026-01-07T15:10:25","slug":"impressum-eu","status":"publish","type":"page","link":"https:\/\/fleetwaro.ai\/de\/impressum-eu\/","title":{"rendered":"Impressum-EU"},"content":{"rendered":"\t\t<div data-elementor-type=\"wp-page\" data-elementor-id=\"13941\" class=\"elementor elementor-13941 elementor-13819\">\n\t\t\t\t<div class=\"elementor-element elementor-element-504e33a e-flex e-con-boxed e-con e-parent\" data-id=\"504e33a\" data-element_type=\"container\" data-e-type=\"container\" data-settings=\"{&quot;background_background&quot;:&quot;classic&quot;}\">\n\t\t\t\t\t<div class=\"e-con-inner\">\n\t\t<div class=\"elementor-element elementor-element-da7fe80 e-con-full e-flex e-con e-child\" data-id=\"da7fe80\" data-element_type=\"container\" data-e-type=\"container\">\n\t\t\t\t<div class=\"elementor-element elementor-element-bf7f906 elementor-widget elementor-widget-restly_title\" data-id=\"bf7f906\" data-element_type=\"widget\" data-e-type=\"widget\" data-widget_type=\"restly_title.default\">\n\t\t\t\t<div class=\"elementor-widget-container\">\n\t\t\t\t\t        <div class=\"restly-section-title-wrapper\">\r\n            <div class=\"restly-section-title\">\r\n                                \r\n                <h1 class=\"restly-section-title\">Impressum EU<\/h1> \r\n            <\/div>\r\n        <\/div>\r\n        \t\t\t\t<\/div>\n\t\t\t\t<\/div>\n\t\t\t\t<\/div>\n\t\t\t\t\t<\/div>\n\t\t\t\t<\/div>\n\t\t<div class=\"elementor-element elementor-element-0cd3eb4 e-flex e-con-boxed e-con e-parent\" data-id=\"0cd3eb4\" data-element_type=\"container\" data-e-type=\"container\">\n\t\t\t\t\t<div class=\"e-con-inner\">\n\t\t\t\t<div class=\"elementor-element elementor-element-3b1ab29 elementor-widget elementor-widget-restly_title\" data-id=\"3b1ab29\" data-element_type=\"widget\" data-e-type=\"widget\" data-widget_type=\"restly_title.default\">\n\t\t\t\t<div class=\"elementor-widget-container\">\n\t\t\t\t\t        <div class=\"restly-section-title-wrapper\">\r\n            <div class=\"restly-section-title\">\r\n                                \r\n                <h2 class=\"restly-section-title\">Rechnungsadresse und Lieferadresse (Hauptsitz und Firmensitz des Unternehmens):<\/h2> \r\n            <\/div>\r\n        <\/div>\r\n        \t\t\t\t<\/div>\n\t\t\t\t<\/div>\n\t\t\t\t<div class=\"elementor-element elementor-element-8156254 elementor-widget elementor-widget-text-editor\" data-id=\"8156254\" data-element_type=\"widget\" data-e-type=\"widget\" data-widget_type=\"text-editor.default\">\n\t\t\t\t\t\t\t\t\t<p>Softwaro GmbH<br>Linzer Stra\u00dfe 61\/5<br>4840 V\u00f6cklabruck<br>\u00d6sterreich<\/p>\t\t\t\t\t\t\t\t<\/div>\n\t\t\t\t<div class=\"elementor-element elementor-element-1f15b5a elementor-widget elementor-widget-restly_title\" data-id=\"1f15b5a\" data-element_type=\"widget\" data-e-type=\"widget\" data-widget_type=\"restly_title.default\">\n\t\t\t\t<div class=\"elementor-widget-container\">\n\t\t\t\t\t        <div class=\"restly-section-title-wrapper\">\r\n            <div class=\"restly-section-title\">\r\n                                \r\n                <h3 class=\"restly-section-title\">Kontaktinformationen:<\/h3> \r\n            <\/div>\r\n        <\/div>\r\n        \t\t\t\t<\/div>\n\t\t\t\t<\/div>\n\t\t\t\t<div class=\"elementor-element elementor-element-8c9af1c elementor-widget elementor-widget-text-editor\" data-id=\"8c9af1c\" data-element_type=\"widget\" data-e-type=\"widget\" data-widget_type=\"text-editor.default\">\n\t\t\t\t\t\t\t\t\t<p>Telefon: +43 7672 31788 <br>E-Mail: <a href=\"mailto:info@fleetwaro.ai\">info@fleetwaro.ai<\/a> <\/p>\t\t\t\t\t\t\t\t<\/div>\n\t\t\t\t<div class=\"elementor-element elementor-element-726135a elementor-widget elementor-widget-restly_title\" data-id=\"726135a\" data-element_type=\"widget\" data-e-type=\"widget\" data-widget_type=\"restly_title.default\">\n\t\t\t\t<div class=\"elementor-widget-container\">\n\t\t\t\t\t        <div class=\"restly-section-title-wrapper\">\r\n            <div class=\"restly-section-title\">\r\n                                \r\n                <h3 class=\"restly-section-title\">B\u00fcrozeiten:<\/h3> \r\n            <\/div>\r\n        <\/div>\r\n        \t\t\t\t<\/div>\n\t\t\t\t<\/div>\n\t\t\t\t<div class=\"elementor-element elementor-element-d3fc937 elementor-widget elementor-widget-text-editor\" data-id=\"d3fc937\" data-element_type=\"widget\" data-e-type=\"widget\" data-widget_type=\"text-editor.default\">\n\t\t\t\t\t\t\t\t\t<p>Montag \u2013 Donnerstag von 8:00 Uhr bis 12:00 Uhr und 13:00 Uhr bis 16:00 Uhr<br>Freitag von 8:00 \u2013 12:00 Uhr<br>Ausgenommen \u00f6sterreichische Feiertage und Betriebsferien<\/p>\t\t\t\t\t\t\t\t<\/div>\n\t\t\t\t<div class=\"elementor-element elementor-element-fe98249 elementor-widget elementor-widget-restly_title\" data-id=\"fe98249\" data-element_type=\"widget\" data-e-type=\"widget\" data-widget_type=\"restly_title.default\">\n\t\t\t\t<div class=\"elementor-widget-container\">\n\t\t\t\t\t        <div class=\"restly-section-title-wrapper\">\r\n            <div class=\"restly-section-title\">\r\n                                \r\n                <h3 class=\"restly-section-title\">Verantwortlich:<\/h3> \r\n            <\/div>\r\n        <\/div>\r\n        \t\t\t\t<\/div>\n\t\t\t\t<\/div>\n\t\t\t\t<div class=\"elementor-element elementor-element-bd677d4 elementor-widget elementor-widget-text-editor\" data-id=\"bd677d4\" data-element_type=\"widget\" data-e-type=\"widget\" data-widget_type=\"text-editor.default\">\n\t\t\t\t\t\t\t\t\tGesellschaft mit beschr\u00e4nkter Haftung<br>Gesellschafter: DI FH Markus H\u00e4usler (100 %);<br>Gesch\u00e4ftsf\u00fchrer: DI (FH) Markus H\u00e4usler und Mag. (FH) Klemens H\u00e4usler  \t\t\t\t\t\t\t\t<\/div>\n\t\t\t\t<div class=\"elementor-element elementor-element-39870d5 elementor-widget elementor-widget-restly_title\" data-id=\"39870d5\" data-element_type=\"widget\" data-e-type=\"widget\" data-widget_type=\"restly_title.default\">\n\t\t\t\t<div class=\"elementor-widget-container\">\n\t\t\t\t\t        <div class=\"restly-section-title-wrapper\">\r\n            <div class=\"restly-section-title\">\r\n                                \r\n                <h3 class=\"restly-section-title\">Registereintrag:<\/h3> \r\n            <\/div>\r\n        <\/div>\r\n        \t\t\t\t<\/div>\n\t\t\t\t<\/div>\n\t\t\t\t<div class=\"elementor-element elementor-element-9c228fb elementor-widget elementor-widget-text-editor\" data-id=\"9c228fb\" data-element_type=\"widget\" data-e-type=\"widget\" data-widget_type=\"text-editor.default\">\n\t\t\t\t\t\t\t\t\tFN: 653001x, FB-Gericht: Landesgericht Wels<br>Umsatzsteuer-ID:\nATU61277433\t\t\t\t\t\t\t\t<\/div>\n\t\t\t\t<div class=\"elementor-element elementor-element-b27645e elementor-widget elementor-widget-restly_title\" data-id=\"b27645e\" data-element_type=\"widget\" data-e-type=\"widget\" data-widget_type=\"restly_title.default\">\n\t\t\t\t<div class=\"elementor-widget-container\">\n\t\t\t\t\t        <div class=\"restly-section-title-wrapper\">\r\n            <div class=\"restly-section-title\">\r\n                                \r\n                <h3 class=\"restly-section-title\">Kontoinformationen:<\/h3> \r\n            <\/div>\r\n        <\/div>\r\n        \t\t\t\t<\/div>\n\t\t\t\t<\/div>\n\t\t\t\t<div class=\"elementor-element elementor-element-f1ef607 elementor-widget elementor-widget-text-editor\" data-id=\"f1ef607\" data-element_type=\"widget\" data-e-type=\"widget\" data-widget_type=\"text-editor.default\">\n\t\t\t\t\t\t\t\t\tIBAN (Internationale Kontonummer): AT023460800000060921<br>BIC (Bank Identifier Code): RZOOAT2L608 (rzooat2l608)\t\t\t\t\t\t\t\t<\/div>\n\t\t\t\t\t<\/div>\n\t\t\t\t<\/div>\n\t\t\t\t<\/div>\n\t\t","protected":false},"excerpt":{"rendered":"<p>Impressum EU Rechnungsadresse und Lieferadresse (Hauptsitz und Firmensitz des Unternehmens): Softwaro GmbHLinzer Stra\u00dfe 61\/54840 V\u00f6cklabruck\u00d6sterreich Kontaktinformationen: Telefon: +43 7672 31788 E-Mail: info@fleetwaro.ai B\u00fcrozeiten: Montag \u2013 Donnerstag von 8:00 Uhr bis 12:00 Uhr und 13:00 Uhr bis 16:00 UhrFreitag von 8:00 \u2013 12:00 UhrAusgenommen \u00f6sterreichische Feiertage und Betriebsferien Verantwortlich: Gesellschaft mit beschr\u00e4nkter HaftungGesellschafter: DI FH Markus [&hellip;]<\/p>\n","protected":false},"author":2,"featured_media":0,"parent":0,"menu_order":0,"comment_status":"closed","ping_status":"closed","template":"blank-template.php","meta":{"footnotes":""},"class_list":["post-13941","page","type-page","status-publish","hentry"],"yoast_head":"<!-- This site is optimized with the Yoast SEO Premium plugin v27.4 (Yoast SEO v27.5) - https:\/\/yoast.com\/product\/yoast-seo-premium-wordpress\/ -->\n<title>Impressum EU | Rechtliche Informationen zu Fleetwaro<\/title>\n<meta name=\"description\" content=\"Diese Seite enth\u00e4lt rechtliche Informationen zu Fleetwaro f\u00fcr Nutzer in der Europ\u00e4ischen Union, einschlie\u00dflich der Unternehmensdaten.\" \/>\n<meta name=\"robots\" content=\"index, follow, max-snippet:-1, max-image-preview:large, max-video-preview:-1\" \/>\n<link rel=\"canonical\" href=\"https:\/\/fleetwaro.ai\/de\/impressum-eu\/\" \/>\n<meta property=\"og:locale\" content=\"de_DE\" \/>\n<meta property=\"og:type\" content=\"article\" \/>\n<meta property=\"og:title\" content=\"Impressum-EU\" \/>\n<meta property=\"og:description\" content=\"Diese Seite enth\u00e4lt rechtliche Informationen zu Fleetwaro f\u00fcr Nutzer in der Europ\u00e4ischen Union, einschlie\u00dflich der Unternehmensdaten.\" \/>\n<meta property=\"og:url\" content=\"https:\/\/fleetwaro.ai\/de\/impressum-eu\/\" \/>\n<meta property=\"og:site_name\" content=\"FleetWaro\" \/>\n<meta property=\"article:modified_time\" content=\"2026-01-07T15:10:25+00:00\" \/>\n<meta property=\"og:image\" content=\"https:\/\/fleetwaro.ai\/wp-content\/uploads\/2026\/01\/fleet-management-software-chaos-to-dashboard.webp\" \/>\n\t<meta property=\"og:image:width\" content=\"1536\" \/>\n\t<meta property=\"og:image:height\" content=\"1024\" \/>\n\t<meta property=\"og:image:type\" content=\"image\/webp\" \/>\n<meta name=\"twitter:card\" content=\"summary_large_image\" \/>\n<meta name=\"twitter:site\" content=\"@fleetwaro\" \/>\n<meta name=\"twitter:label1\" content=\"Gesch\u00e4tzte Lesezeit\" \/>\n\t<meta name=\"twitter:data1\" content=\"1\u00a0Minute\" \/>\n<script type=\"application\/ld+json\" class=\"yoast-schema-graph\">{\"@context\":\"https:\\\/\\\/schema.org\",\"@graph\":[{\"@type\":[\"Article\",\"BlogPosting\"],\"@id\":\"https:\\\/\\\/fleetwaro.ai\\\/de\\\/impressum-eu\\\/#article\",\"isPartOf\":{\"@id\":\"https:\\\/\\\/fleetwaro.ai\\\/de\\\/impressum-eu\\\/\"},\"author\":{\"name\":\"Michael Bartos\",\"@id\":\"https:\\\/\\\/fleetwaro.ai\\\/de\\\/#\\\/schema\\\/person\\\/926c934b1272d70a78ff992f9feed5e6\"},\"headline\":\"Impressum-EU\",\"datePublished\":\"2025-08-29T08:33:52+00:00\",\"dateModified\":\"2026-01-07T15:10:25+00:00\",\"mainEntityOfPage\":{\"@id\":\"https:\\\/\\\/fleetwaro.ai\\\/de\\\/impressum-eu\\\/\"},\"wordCount\":87,\"publisher\":{\"@id\":\"https:\\\/\\\/fleetwaro.ai\\\/de\\\/#organization\"},\"inLanguage\":\"de\"},{\"@type\":\"WebPage\",\"@id\":\"https:\\\/\\\/fleetwaro.ai\\\/de\\\/impressum-eu\\\/\",\"url\":\"https:\\\/\\\/fleetwaro.ai\\\/de\\\/impressum-eu\\\/\",\"name\":\"Impressum EU | Rechtliche Informationen zu Fleetwaro\",\"isPartOf\":{\"@id\":\"https:\\\/\\\/fleetwaro.ai\\\/de\\\/#website\"},\"datePublished\":\"2025-08-29T08:33:52+00:00\",\"dateModified\":\"2026-01-07T15:10:25+00:00\",\"description\":\"Diese Seite enth\u00e4lt rechtliche Informationen zu Fleetwaro f\u00fcr Nutzer in der Europ\u00e4ischen Union, einschlie\u00dflich der Unternehmensdaten.\",\"breadcrumb\":{\"@id\":\"https:\\\/\\\/fleetwaro.ai\\\/de\\\/impressum-eu\\\/#breadcrumb\"},\"inLanguage\":\"de\",\"potentialAction\":[{\"@type\":\"ReadAction\",\"target\":[\"https:\\\/\\\/fleetwaro.ai\\\/de\\\/impressum-eu\\\/\"]}]},{\"@type\":\"BreadcrumbList\",\"@id\":\"https:\\\/\\\/fleetwaro.ai\\\/de\\\/impressum-eu\\\/#breadcrumb\",\"itemListElement\":[{\"@type\":\"ListItem\",\"position\":1,\"name\":\"Home\",\"item\":\"https:\\\/\\\/fleetwaro.ai\\\/de\\\/\"},{\"@type\":\"ListItem\",\"position\":2,\"name\":\"Impressum-EU\"}]},{\"@type\":\"WebSite\",\"@id\":\"https:\\\/\\\/fleetwaro.ai\\\/de\\\/#website\",\"url\":\"https:\\\/\\\/fleetwaro.ai\\\/de\\\/\",\"name\":\"Fleetwaro\",\"description\":\"Digital Fleet Management with AI-Power\",\"publisher\":{\"@id\":\"https:\\\/\\\/fleetwaro.ai\\\/de\\\/#organization\"},\"potentialAction\":[{\"@type\":\"SearchAction\",\"target\":{\"@type\":\"EntryPoint\",\"urlTemplate\":\"https:\\\/\\\/fleetwaro.ai\\\/de\\\/?s={search_term_string}\"},\"query-input\":{\"@type\":\"PropertyValueSpecification\",\"valueRequired\":true,\"valueName\":\"search_term_string\"}}],\"inLanguage\":\"de\"},{\"@type\":\"Organization\",\"@id\":\"https:\\\/\\\/fleetwaro.ai\\\/de\\\/#organization\",\"name\":\"FleetWaro\",\"url\":\"https:\\\/\\\/fleetwaro.ai\\\/de\\\/\",\"logo\":{\"@type\":\"ImageObject\",\"inLanguage\":\"de\",\"@id\":\"https:\\\/\\\/fleetwaro.ai\\\/de\\\/#\\\/schema\\\/logo\\\/image\\\/\",\"url\":\"https:\\\/\\\/fleetwaro.ai\\\/wp-content\\\/uploads\\\/2025\\\/08\\\/cropped-cropped-favicon-1.png\",\"contentUrl\":\"https:\\\/\\\/fleetwaro.ai\\\/wp-content\\\/uploads\\\/2025\\\/08\\\/cropped-cropped-favicon-1.png\",\"width\":512,\"height\":512,\"caption\":\"FleetWaro\"},\"image\":{\"@id\":\"https:\\\/\\\/fleetwaro.ai\\\/de\\\/#\\\/schema\\\/logo\\\/image\\\/\"},\"sameAs\":[\"https:\\\/\\\/x.com\\\/fleetwaro\",\"https:\\\/\\\/www.linkedin.com\\\/showcase\\\/fleetwaro\\\/about\\\/\",\"https:\\\/\\\/www.instagram.com\\\/fleetwaro\\\/\"],\"description\":\"With Softwaro GmbH, the provider of fleetwaro.ai, you gain a reliable partner for your fleet with over 20 years of experience, more than 700 fleet customers, and proven, tried-and-tested solutions. Since our founding in 2004, we have developed into a leading provider of software for telematics and fleet management. Our mission is to support companies, cities, and municipalities in the efficient digitization and management of their fleets, vehicles, machines, mobile equipment, and small devices.\",\"email\":\"info@fleetwaro.ai\",\"telephone\":\"+43 7672 31788\",\"legalName\":\"Softwaro GmbH\",\"foundingDate\":\"2004-03-01\",\"vatID\":\"ATU61277433\",\"numberOfEmployees\":{\"@type\":\"QuantitativeValue\",\"minValue\":\"11\",\"maxValue\":\"50\"}},{\"@type\":\"Person\",\"@id\":\"https:\\\/\\\/fleetwaro.ai\\\/de\\\/#\\\/schema\\\/person\\\/926c934b1272d70a78ff992f9feed5e6\",\"name\":\"Michael Bartos\",\"image\":{\"@type\":\"ImageObject\",\"inLanguage\":\"de\",\"@id\":\"https:\\\/\\\/secure.gravatar.com\\\/avatar\\\/67ff2482751c3c0a11a82cc15d32fdea31dae1975d99e27a373afcb80da5544c?s=96&d=mm&r=g\",\"url\":\"https:\\\/\\\/secure.gravatar.com\\\/avatar\\\/67ff2482751c3c0a11a82cc15d32fdea31dae1975d99e27a373afcb80da5544c?s=96&d=mm&r=g\",\"contentUrl\":\"https:\\\/\\\/secure.gravatar.com\\\/avatar\\\/67ff2482751c3c0a11a82cc15d32fdea31dae1975d99e27a373afcb80da5544c?s=96&d=mm&r=g\",\"caption\":\"Michael Bartos\"}}]}<\/script>\n<!-- \/ Yoast SEO Premium plugin. -->","yoast_head_json":{"title":"Impressum EU | Rechtliche Informationen zu Fleetwaro","description":"Diese Seite enth\u00e4lt rechtliche Informationen zu Fleetwaro f\u00fcr Nutzer in der Europ\u00e4ischen Union, einschlie\u00dflich der Unternehmensdaten.","robots":{"index":"index","follow":"follow","max-snippet":"max-snippet:-1","max-image-preview":"max-image-preview:large","max-video-preview":"max-video-preview:-1"},"canonical":"https:\/\/fleetwaro.ai\/de\/impressum-eu\/","og_locale":"de_DE","og_type":"article","og_title":"Impressum-EU","og_description":"Diese Seite enth\u00e4lt rechtliche Informationen zu Fleetwaro f\u00fcr Nutzer in der Europ\u00e4ischen Union, einschlie\u00dflich der Unternehmensdaten.","og_url":"https:\/\/fleetwaro.ai\/de\/impressum-eu\/","og_site_name":"FleetWaro","article_modified_time":"2026-01-07T15:10:25+00:00","og_image":[{"width":1536,"height":1024,"url":"https:\/\/fleetwaro.ai\/wp-content\/uploads\/2026\/01\/fleet-management-software-chaos-to-dashboard.webp","type":"image\/webp"}],"twitter_card":"summary_large_image","twitter_site":"@fleetwaro","twitter_misc":{"Gesch\u00e4tzte Lesezeit":"1\u00a0Minute"},"schema":{"@context":"https:\/\/schema.org","@graph":[{"@type":["Article","BlogPosting"],"@id":"https:\/\/fleetwaro.ai\/de\/impressum-eu\/#article","isPartOf":{"@id":"https:\/\/fleetwaro.ai\/de\/impressum-eu\/"},"author":{"name":"Michael Bartos","@id":"https:\/\/fleetwaro.ai\/de\/#\/schema\/person\/926c934b1272d70a78ff992f9feed5e6"},"headline":"Impressum-EU","datePublished":"2025-08-29T08:33:52+00:00","dateModified":"2026-01-07T15:10:25+00:00","mainEntityOfPage":{"@id":"https:\/\/fleetwaro.ai\/de\/impressum-eu\/"},"wordCount":87,"publisher":{"@id":"https:\/\/fleetwaro.ai\/de\/#organization"},"inLanguage":"de"},{"@type":"WebPage","@id":"https:\/\/fleetwaro.ai\/de\/impressum-eu\/","url":"https:\/\/fleetwaro.ai\/de\/impressum-eu\/","name":"Impressum EU | Rechtliche Informationen zu Fleetwaro","isPartOf":{"@id":"https:\/\/fleetwaro.ai\/de\/#website"},"datePublished":"2025-08-29T08:33:52+00:00","dateModified":"2026-01-07T15:10:25+00:00","description":"Diese Seite enth\u00e4lt rechtliche Informationen zu Fleetwaro f\u00fcr Nutzer in der Europ\u00e4ischen Union, einschlie\u00dflich der Unternehmensdaten.","breadcrumb":{"@id":"https:\/\/fleetwaro.ai\/de\/impressum-eu\/#breadcrumb"},"inLanguage":"de","potentialAction":[{"@type":"ReadAction","target":["https:\/\/fleetwaro.ai\/de\/impressum-eu\/"]}]},{"@type":"BreadcrumbList","@id":"https:\/\/fleetwaro.ai\/de\/impressum-eu\/#breadcrumb","itemListElement":[{"@type":"ListItem","position":1,"name":"Home","item":"https:\/\/fleetwaro.ai\/de\/"},{"@type":"ListItem","position":2,"name":"Impressum-EU"}]},{"@type":"WebSite","@id":"https:\/\/fleetwaro.ai\/de\/#website","url":"https:\/\/fleetwaro.ai\/de\/","name":"Fleetwaro","description":"Digital Fleet Management with AI-Power","publisher":{"@id":"https:\/\/fleetwaro.ai\/de\/#organization"},"potentialAction":[{"@type":"SearchAction","target":{"@type":"EntryPoint","urlTemplate":"https:\/\/fleetwaro.ai\/de\/?s={search_term_string}"},"query-input":{"@type":"PropertyValueSpecification","valueRequired":true,"valueName":"search_term_string"}}],"inLanguage":"de"},{"@type":"Organization","@id":"https:\/\/fleetwaro.ai\/de\/#organization","name":"FleetWaro","url":"https:\/\/fleetwaro.ai\/de\/","logo":{"@type":"ImageObject","inLanguage":"de","@id":"https:\/\/fleetwaro.ai\/de\/#\/schema\/logo\/image\/","url":"https:\/\/fleetwaro.ai\/wp-content\/uploads\/2025\/08\/cropped-cropped-favicon-1.png","contentUrl":"https:\/\/fleetwaro.ai\/wp-content\/uploads\/2025\/08\/cropped-cropped-favicon-1.png","width":512,"height":512,"caption":"FleetWaro"},"image":{"@id":"https:\/\/fleetwaro.ai\/de\/#\/schema\/logo\/image\/"},"sameAs":["https:\/\/x.com\/fleetwaro","https:\/\/www.linkedin.com\/showcase\/fleetwaro\/about\/","https:\/\/www.instagram.com\/fleetwaro\/"],"description":"With Softwaro GmbH, the provider of fleetwaro.ai, you gain a reliable partner for your fleet with over 20 years of experience, more than 700 fleet customers, and proven, tried-and-tested solutions. Since our founding in 2004, we have developed into a leading provider of software for telematics and fleet management. Our mission is to support companies, cities, and municipalities in the efficient digitization and management of their fleets, vehicles, machines, mobile equipment, and small devices.","email":"info@fleetwaro.ai","telephone":"+43 7672 31788","legalName":"Softwaro GmbH","foundingDate":"2004-03-01","vatID":"ATU61277433","numberOfEmployees":{"@type":"QuantitativeValue","minValue":"11","maxValue":"50"}},{"@type":"Person","@id":"https:\/\/fleetwaro.ai\/de\/#\/schema\/person\/926c934b1272d70a78ff992f9feed5e6","name":"Michael Bartos","image":{"@type":"ImageObject","inLanguage":"de","@id":"https:\/\/secure.gravatar.com\/avatar\/67ff2482751c3c0a11a82cc15d32fdea31dae1975d99e27a373afcb80da5544c?s=96&d=mm&r=g","url":"https:\/\/secure.gravatar.com\/avatar\/67ff2482751c3c0a11a82cc15d32fdea31dae1975d99e27a373afcb80da5544c?s=96&d=mm&r=g","contentUrl":"https:\/\/secure.gravatar.com\/avatar\/67ff2482751c3c0a11a82cc15d32fdea31dae1975d99e27a373afcb80da5544c?s=96&d=mm&r=g","caption":"Michael Bartos"}}]}},"_links":{"self":[{"href":"https:\/\/fleetwaro.ai\/de\/wp-json\/wp\/v2\/pages\/13941","targetHints":{"allow":["GET"]}}],"collection":[{"href":"https:\/\/fleetwaro.ai\/de\/wp-json\/wp\/v2\/pages"}],"about":[{"href":"https:\/\/fleetwaro.ai\/de\/wp-json\/wp\/v2\/types\/page"}],"author":[{"embeddable":true,"href":"https:\/\/fleetwaro.ai\/de\/wp-json\/wp\/v2\/users\/2"}],"replies":[{"embeddable":true,"href":"https:\/\/fleetwaro.ai\/de\/wp-json\/wp\/v2\/comments?post=13941"}],"version-history":[{"count":13,"href":"https:\/\/fleetwaro.ai\/de\/wp-json\/wp\/v2\/pages\/13941\/revisions"}],"predecessor-version":[{"id":16921,"href":"https:\/\/fleetwaro.ai\/de\/wp-json\/wp\/v2\/pages\/13941\/revisions\/16921"}],"wp:attachment":[{"href":"https:\/\/fleetwaro.ai\/de\/wp-json\/wp\/v2\/media?parent=13941"}],"curies":[{"name":"wp","href":"https:\/\/api.w.org\/{rel}","templated":true}]}}